{"id":14144,"date":"2023-11-16T12:42:02","date_gmt":"2023-11-16T12:42:02","guid":{"rendered":"https:\/\/quirky-benz.92-205-231-245.plesk.page\/product\/prego-alba-polarized\/"},"modified":"2026-02-17T13:18:14","modified_gmt":"2026-02-17T13:18:14","slug":"prego-alba-polarized","status":"publish","type":"product","link":"https:\/\/quirky-benz.92-205-231-245.plesk.page\/en\/product\/prego-alba-polarized\/","title":{"rendered":"Prego Alba Polarized"},"content":{"rendered":"","protected":false},"excerpt":{"rendered":"<p>Denne PREGO-solbrille er fremstillet af en letv\u00e6gtslegering specielt udviklet til briller og solbriller. For at sikre en optimal komfort har st\u00e6ngerne fjederh\u00e6ngsler og justerbare ender som giver mulighed for individuel tilpasning.<br \/>\nDe matchende solglas beskytter \u00f8jnene mod solens skadelige UV str\u00e5ler.<\/p>\n","protected":false},"featured_media":14143,"template":"","meta":{"_acf_changed":false,"site-sidebar-layout":"default","site-content-layout":"","ast-site-content-layout":"default","site-content-style":"default","site-sidebar-style":"default","ast-global-header-display":"","ast-banner-title-visibility":"","ast-main-header-display":"","ast-hfb-above-header-display":"","ast-hfb-below-header-display":"","ast-hfb-mobile-header-display":"","site-post-title":"","ast-breadcrumbs-content":"","ast-featured-img":"","footer-sml-layout":"","ast-disable-related-posts":"","theme-transparent-header-meta":"default","adv-header-id-meta":"","stick-header-meta":"","header-above-stick-meta":"","header-main-stick-meta":"","header-below-stick-meta":"","astra-migrate-meta-layouts":"default","ast-page-background-enabled":"default","ast-page-background-meta":{"desktop":{"background-color":"","background-image":"","background-repeat":"repeat","background-position":"center center","background-size":"auto","background-attachment":"scroll","background-type":"","background-media":"","overlay-type":"","overlay-color":"","overlay-opacity":"","overlay-gradient":""},"tablet":{"background-color":"","background-image":"","background-repeat":"repeat","background-position":"center center","background-size":"auto","background-attachment":"scroll","background-type":"","background-media":"","overlay-type":"","overlay-color":"","overlay-opacity":"","overlay-gradient":""},"mobile":{"background-color":"","background-image":"","background-repeat":"repeat","background-position":"center center","background-size":"auto","background-attachment":"scroll","background-type":"","background-media":"","overlay-type":"","overlay-color":"","overlay-opacity":"","overlay-gradient":""}},"ast-content-background-meta":{"desktop":{"background-color":"var(--ast-global-color-5)","background-image":"","background-repeat":"repeat","background-position":"center center","background-size":"auto","background-attachment":"scroll","background-type":"","background-media":"","overlay-type":"","overlay-color":"","overlay-opacity":"","overlay-gradient":""},"tablet":{"background-color":"var(--ast-global-color-5)","background-image":"","background-repeat":"repeat","background-position":"center center","background-size":"auto","background-attachment":"scroll","background-type":"","background-media":"","overlay-type":"","overlay-color":"","overlay-opacity":"","overlay-gradient":""},"mobile":{"background-color":"var(--ast-global-color-5)","background-image":"","background-repeat":"repeat","background-position":"center center","background-size":"auto","background-attachment":"scroll","background-type":"","background-media":"","overlay-type":"","overlay-color":"","overlay-opacity":"","overlay-gradient":""}}},"product_brand":[],"product_cat":[83,89],"product_tag":[242,310,249,258,259,257,261,295],"class_list":{"0":"post-14144","1":"product","2":"type-product","3":"status-publish","4":"has-post-thumbnail","6":"product_cat-alle-solbriller-en","7":"product_cat-sunglasses-for-men-en","8":"product_tag-all-products","9":"product_tag-clearance-sale","10":"product_tag-mens-en","11":"product_tag-pilot-en","12":"product_tag-polarized","13":"product_tag-prego-en","14":"product_tag-rectangle","15":"product_tag-solbriller-en","16":"desktop-align-left","17":"tablet-align-left","18":"mobile-align-left","20":"first","21":"instock","22":"taxable","23":"shipping-taxable","24":"purchasable","25":"product-type-variable","26":"has-default-attributes","27":"wvs-archive-product-wrapper"},"acf":[],"yoast_head":"<!-- This site is optimized with the Yoast SEO plugin v27.3 - https:\/\/yoast.com\/product\/yoast-seo-wordpress\/ -->\n<title>Prego Alba Polarized - Frands Jensen<\/title>\n<meta name=\"robots\" content=\"noindex, follow, max-snippet:-1, max-image-preview:large, max-video-preview:-1\" \/>\n<meta property=\"og:locale\" content=\"en_US\" \/>\n<meta property=\"og:type\" content=\"article\" \/>\n<meta property=\"og:title\" content=\"Prego Alba Polarized - Frands Jensen\" \/>\n<meta property=\"og:description\" content=\"Denne PREGO-solbrille er fremstillet af en letv\u00e6gtslegering specielt udviklet til briller og solbriller. For at sikre en optimal komfort har st\u00e6ngerne fjederh\u00e6ngsler og justerbare ender som giver mulighed for individuel tilpasning. De matchende solglas beskytter \u00f8jnene mod solens skadelige UV str\u00e5ler.\" \/>\n<meta property=\"og:url\" content=\"https:\/\/quirky-benz.92-205-231-245.plesk.page\/en\/product\/prego-alba-polarized\/\" \/>\n<meta property=\"og:site_name\" content=\"Frands Jensen\" \/>\n<meta property=\"article:modified_time\" content=\"2026-02-17T13:18:14+00:00\" \/>\n<meta property=\"og:image\" content=\"https:\/\/quirky-benz.92-205-231-245.plesk.page\/wp-content\/uploads\/2023\/11\/0000050251.jpg\" \/>\n\t<meta property=\"og:image:width\" content=\"1024\" \/>\n\t<meta property=\"og:image:height\" content=\"497\" \/>\n\t<meta property=\"og:image:type\" content=\"image\/jpeg\" \/>\n<meta name=\"twitter:card\" content=\"summary_large_image\" \/>\n<script type=\"application\/ld+json\" class=\"yoast-schema-graph\">{\"@context\":\"https:\\\/\\\/schema.org\",\"@graph\":[{\"@type\":\"WebPage\",\"@id\":\"https:\\\/\\\/quirky-benz.92-205-231-245.plesk.page\\\/en\\\/product\\\/prego-alba-polarized\\\/\",\"url\":\"https:\\\/\\\/quirky-benz.92-205-231-245.plesk.page\\\/en\\\/product\\\/prego-alba-polarized\\\/\",\"name\":\"Prego Alba Polarized - Frands Jensen\",\"isPartOf\":{\"@id\":\"https:\\\/\\\/quirky-benz.92-205-231-245.plesk.page\\\/#website\"},\"primaryImageOfPage\":{\"@id\":\"https:\\\/\\\/quirky-benz.92-205-231-245.plesk.page\\\/en\\\/product\\\/prego-alba-polarized\\\/#primaryimage\"},\"image\":{\"@id\":\"https:\\\/\\\/quirky-benz.92-205-231-245.plesk.page\\\/en\\\/product\\\/prego-alba-polarized\\\/#primaryimage\"},\"thumbnailUrl\":\"https:\\\/\\\/quirky-benz.92-205-231-245.plesk.page\\\/wp-content\\\/uploads\\\/2023\\\/11\\\/0000050251.jpg\",\"datePublished\":\"2023-11-16T12:42:02+00:00\",\"dateModified\":\"2026-02-17T13:18:14+00:00\",\"breadcrumb\":{\"@id\":\"https:\\\/\\\/quirky-benz.92-205-231-245.plesk.page\\\/en\\\/product\\\/prego-alba-polarized\\\/#breadcrumb\"},\"inLanguage\":\"en-US\",\"potentialAction\":[{\"@type\":\"ReadAction\",\"target\":[\"https:\\\/\\\/quirky-benz.92-205-231-245.plesk.page\\\/en\\\/product\\\/prego-alba-polarized\\\/\"]}]},{\"@type\":\"ImageObject\",\"inLanguage\":\"en-US\",\"@id\":\"https:\\\/\\\/quirky-benz.92-205-231-245.plesk.page\\\/en\\\/product\\\/prego-alba-polarized\\\/#primaryimage\",\"url\":\"https:\\\/\\\/quirky-benz.92-205-231-245.plesk.page\\\/wp-content\\\/uploads\\\/2023\\\/11\\\/0000050251.jpg\",\"contentUrl\":\"https:\\\/\\\/quirky-benz.92-205-231-245.plesk.page\\\/wp-content\\\/uploads\\\/2023\\\/11\\\/0000050251.jpg\",\"width\":1024,\"height\":497},{\"@type\":\"BreadcrumbList\",\"@id\":\"https:\\\/\\\/quirky-benz.92-205-231-245.plesk.page\\\/en\\\/product\\\/prego-alba-polarized\\\/#breadcrumb\",\"itemListElement\":[{\"@type\":\"ListItem\",\"position\":1,\"name\":\"Hjem\",\"item\":\"https:\\\/\\\/quirky-benz.92-205-231-245.plesk.page\\\/en\\\/\"},{\"@type\":\"ListItem\",\"position\":2,\"name\":\"Shop\",\"item\":\"https:\\\/\\\/quirky-benz.92-205-231-245.plesk.page\\\/store\\\/\"},{\"@type\":\"ListItem\",\"position\":3,\"name\":\"Prego Alba Polarized\"}]},{\"@type\":\"WebSite\",\"@id\":\"https:\\\/\\\/quirky-benz.92-205-231-245.plesk.page\\\/#website\",\"url\":\"https:\\\/\\\/quirky-benz.92-205-231-245.plesk.page\\\/\",\"name\":\"Frands Jensen\",\"description\":\"Ecommerce website for a brand\",\"publisher\":{\"@id\":\"https:\\\/\\\/quirky-benz.92-205-231-245.plesk.page\\\/#organization\"},\"potentialAction\":[{\"@type\":\"SearchAction\",\"target\":{\"@type\":\"EntryPoint\",\"urlTemplate\":\"https:\\\/\\\/quirky-benz.92-205-231-245.plesk.page\\\/?s={search_term_string}\"},\"query-input\":{\"@type\":\"PropertyValueSpecification\",\"valueRequired\":true,\"valueName\":\"search_term_string\"}}],\"inLanguage\":\"en-US\"},{\"@type\":\"Organization\",\"@id\":\"https:\\\/\\\/quirky-benz.92-205-231-245.plesk.page\\\/#organization\",\"name\":\"Frands Jensen\",\"url\":\"https:\\\/\\\/quirky-benz.92-205-231-245.plesk.page\\\/\",\"logo\":{\"@type\":\"ImageObject\",\"inLanguage\":\"en-US\",\"@id\":\"https:\\\/\\\/quirky-benz.92-205-231-245.plesk.page\\\/#\\\/schema\\\/logo\\\/image\\\/\",\"url\":\"https:\\\/\\\/quirky-benz.92-205-231-245.plesk.page\\\/wp-content\\\/uploads\\\/2026\\\/03\\\/logo_white_transparent.png\",\"contentUrl\":\"https:\\\/\\\/quirky-benz.92-205-231-245.plesk.page\\\/wp-content\\\/uploads\\\/2026\\\/03\\\/logo_white_transparent.png\",\"width\":2481,\"height\":584,\"caption\":\"Frands Jensen\"},\"image\":{\"@id\":\"https:\\\/\\\/quirky-benz.92-205-231-245.plesk.page\\\/#\\\/schema\\\/logo\\\/image\\\/\"}}]}<\/script>\n<!-- \/ Yoast SEO plugin. -->","yoast_head_json":{"title":"Prego Alba Polarized - Frands Jensen","robots":{"index":"noindex","follow":"follow","max-snippet":"max-snippet:-1","max-image-preview":"max-image-preview:large","max-video-preview":"max-video-preview:-1"},"og_locale":"en_US","og_type":"article","og_title":"Prego Alba Polarized - Frands Jensen","og_description":"Denne PREGO-solbrille er fremstillet af en letv\u00e6gtslegering specielt udviklet til briller og solbriller. For at sikre en optimal komfort har st\u00e6ngerne fjederh\u00e6ngsler og justerbare ender som giver mulighed for individuel tilpasning. De matchende solglas beskytter \u00f8jnene mod solens skadelige UV str\u00e5ler.","og_url":"https:\/\/quirky-benz.92-205-231-245.plesk.page\/en\/product\/prego-alba-polarized\/","og_site_name":"Frands Jensen","article_modified_time":"2026-02-17T13:18:14+00:00","og_image":[{"width":1024,"height":497,"url":"https:\/\/quirky-benz.92-205-231-245.plesk.page\/wp-content\/uploads\/2023\/11\/0000050251.jpg","type":"image\/jpeg"}],"twitter_card":"summary_large_image","schema":{"@context":"https:\/\/schema.org","@graph":[{"@type":"WebPage","@id":"https:\/\/quirky-benz.92-205-231-245.plesk.page\/en\/product\/prego-alba-polarized\/","url":"https:\/\/quirky-benz.92-205-231-245.plesk.page\/en\/product\/prego-alba-polarized\/","name":"Prego Alba Polarized - Frands Jensen","isPartOf":{"@id":"https:\/\/quirky-benz.92-205-231-245.plesk.page\/#website"},"primaryImageOfPage":{"@id":"https:\/\/quirky-benz.92-205-231-245.plesk.page\/en\/product\/prego-alba-polarized\/#primaryimage"},"image":{"@id":"https:\/\/quirky-benz.92-205-231-245.plesk.page\/en\/product\/prego-alba-polarized\/#primaryimage"},"thumbnailUrl":"https:\/\/quirky-benz.92-205-231-245.plesk.page\/wp-content\/uploads\/2023\/11\/0000050251.jpg","datePublished":"2023-11-16T12:42:02+00:00","dateModified":"2026-02-17T13:18:14+00:00","breadcrumb":{"@id":"https:\/\/quirky-benz.92-205-231-245.plesk.page\/en\/product\/prego-alba-polarized\/#breadcrumb"},"inLanguage":"en-US","potentialAction":[{"@type":"ReadAction","target":["https:\/\/quirky-benz.92-205-231-245.plesk.page\/en\/product\/prego-alba-polarized\/"]}]},{"@type":"ImageObject","inLanguage":"en-US","@id":"https:\/\/quirky-benz.92-205-231-245.plesk.page\/en\/product\/prego-alba-polarized\/#primaryimage","url":"https:\/\/quirky-benz.92-205-231-245.plesk.page\/wp-content\/uploads\/2023\/11\/0000050251.jpg","contentUrl":"https:\/\/quirky-benz.92-205-231-245.plesk.page\/wp-content\/uploads\/2023\/11\/0000050251.jpg","width":1024,"height":497},{"@type":"BreadcrumbList","@id":"https:\/\/quirky-benz.92-205-231-245.plesk.page\/en\/product\/prego-alba-polarized\/#breadcrumb","itemListElement":[{"@type":"ListItem","position":1,"name":"Hjem","item":"https:\/\/quirky-benz.92-205-231-245.plesk.page\/en\/"},{"@type":"ListItem","position":2,"name":"Shop","item":"https:\/\/quirky-benz.92-205-231-245.plesk.page\/store\/"},{"@type":"ListItem","position":3,"name":"Prego Alba Polarized"}]},{"@type":"WebSite","@id":"https:\/\/quirky-benz.92-205-231-245.plesk.page\/#website","url":"https:\/\/quirky-benz.92-205-231-245.plesk.page\/","name":"Frands Jensen","description":"Ecommerce website for a brand","publisher":{"@id":"https:\/\/quirky-benz.92-205-231-245.plesk.page\/#organization"},"potentialAction":[{"@type":"SearchAction","target":{"@type":"EntryPoint","urlTemplate":"https:\/\/quirky-benz.92-205-231-245.plesk.page\/?s={search_term_string}"},"query-input":{"@type":"PropertyValueSpecification","valueRequired":true,"valueName":"search_term_string"}}],"inLanguage":"en-US"},{"@type":"Organization","@id":"https:\/\/quirky-benz.92-205-231-245.plesk.page\/#organization","name":"Frands Jensen","url":"https:\/\/quirky-benz.92-205-231-245.plesk.page\/","logo":{"@type":"ImageObject","inLanguage":"en-US","@id":"https:\/\/quirky-benz.92-205-231-245.plesk.page\/#\/schema\/logo\/image\/","url":"https:\/\/quirky-benz.92-205-231-245.plesk.page\/wp-content\/uploads\/2026\/03\/logo_white_transparent.png","contentUrl":"https:\/\/quirky-benz.92-205-231-245.plesk.page\/wp-content\/uploads\/2026\/03\/logo_white_transparent.png","width":2481,"height":584,"caption":"Frands Jensen"},"image":{"@id":"https:\/\/quirky-benz.92-205-231-245.plesk.page\/#\/schema\/logo\/image\/"}}]}},"_links":{"self":[{"href":"https:\/\/quirky-benz.92-205-231-245.plesk.page\/en\/wp-json\/wp\/v2\/product\/14144","targetHints":{"allow":["GET"]}}],"collection":[{"href":"https:\/\/quirky-benz.92-205-231-245.plesk.page\/en\/wp-json\/wp\/v2\/product"}],"about":[{"href":"https:\/\/quirky-benz.92-205-231-245.plesk.page\/en\/wp-json\/wp\/v2\/types\/product"}],"version-history":[{"count":0,"href":"https:\/\/quirky-benz.92-205-231-245.plesk.page\/en\/wp-json\/wp\/v2\/product\/14144\/revisions"}],"wp:featuredmedia":[{"embeddable":true,"href":"https:\/\/quirky-benz.92-205-231-245.plesk.page\/en\/wp-json\/wp\/v2\/media\/14143"}],"wp:attachment":[{"href":"https:\/\/quirky-benz.92-205-231-245.plesk.page\/en\/wp-json\/wp\/v2\/media?parent=14144"}],"wp:term":[{"taxonomy":"product_brand","embeddable":true,"href":"https:\/\/quirky-benz.92-205-231-245.plesk.page\/en\/wp-json\/wp\/v2\/product_brand?post=14144"},{"taxonomy":"product_cat","embeddable":true,"href":"https:\/\/quirky-benz.92-205-231-245.plesk.page\/en\/wp-json\/wp\/v2\/product_cat?post=14144"},{"taxonomy":"product_tag","embeddable":true,"href":"https:\/\/quirky-benz.92-205-231-245.plesk.page\/en\/wp-json\/wp\/v2\/product_tag?post=14144"}],"curies":[{"name":"wp","href":"https:\/\/api.w.org\/{rel}","templated":true}]}}